{"id":1354,"date":"2025-07-01T20:11:24","date_gmt":"2025-07-01T20:11:24","guid":{"rendered":"https:\/\/brasilsat.com.br\/loja\/agro\/?post_type=product&#038;p=1354"},"modified":"2026-01-15T13:55:15","modified_gmt":"2026-01-15T13:55:15","slug":"abracadeira-galvanizada-o320mm","status":"publish","type":"product","link":"https:\/\/brasilsat.com.br\/loja\/agro\/produto\/abracadeira-galvanizada-o320mm\/","title":{"rendered":"PRESILHA EM A\u00c7O GALVANIZADO D320MM"},"content":{"rendered":"<p>ABRA\u00c7ADEIRA GALVANIZADA \u00d8320mm em chapa zincada NBR 7008<\/p>\n","protected":false},"excerpt":{"rendered":"<p>Abra\u00e7adeira fabricada em chapa zincada NBR 7008, com porca e parafuso Acabamento: Zincagem Z275<\/p>\n","protected":false},"featured_media":2223,"comment_status":"open","ping_status":"closed","template":"","meta":{"_acf_changed":false,"inline_featured_image":false},"product_brand":[67],"product_cat":[28],"product_tag":[185,182],"class_list":{"0":"post-1354","1":"product","2":"type-product","3":"status-publish","4":"has-post-thumbnail","6":"product_brand-bsa","7":"product_cat-canalizacao","8":"product_tag-abracadeira","9":"product_tag-anel","11":"first","12":"instock","13":"taxable","14":"shipping-taxable","15":"purchasable","16":"product-type-simple"},"acf":[],"_links":{"self":[{"href":"https:\/\/brasilsat.com.br\/loja\/agro\/wp-json\/wp\/v2\/product\/1354","targetHints":{"allow":["GET"]}}],"collection":[{"href":"https:\/\/brasilsat.com.br\/loja\/agro\/wp-json\/wp\/v2\/product"}],"about":[{"href":"https:\/\/brasilsat.com.br\/loja\/agro\/wp-json\/wp\/v2\/types\/product"}],"replies":[{"embeddable":true,"href":"https:\/\/brasilsat.com.br\/loja\/agro\/wp-json\/wp\/v2\/comments?post=1354"}],"wp:featuredmedia":[{"embeddable":true,"href":"https:\/\/brasilsat.com.br\/loja\/agro\/wp-json\/wp\/v2\/media\/2223"}],"wp:attachment":[{"href":"https:\/\/brasilsat.com.br\/loja\/agro\/wp-json\/wp\/v2\/media?parent=1354"}],"wp:term":[{"taxonomy":"product_brand","embeddable":true,"href":"https:\/\/brasilsat.com.br\/loja\/agro\/wp-json\/wp\/v2\/product_brand?post=1354"},{"taxonomy":"product_cat","embeddable":true,"href":"https:\/\/brasilsat.com.br\/loja\/agro\/wp-json\/wp\/v2\/product_cat?post=1354"},{"taxonomy":"product_tag","embeddable":true,"href":"https:\/\/brasilsat.com.br\/loja\/agro\/wp-json\/wp\/v2\/product_tag?post=1354"}],"curies":[{"name":"wp","href":"https:\/\/api.w.org\/{rel}","templated":true}]}}