{"id":2253,"date":"2025-07-22T18:12:27","date_gmt":"2025-07-22T18:12:27","guid":{"rendered":"https:\/\/brasilsat.com.br\/loja\/agro\/?post_type=product&#038;p=2253"},"modified":"2026-01-15T14:26:44","modified_gmt":"2026-01-15T14:26:44","slug":"cano-flexivel-d320mm-sae-1045","status":"publish","type":"product","link":"https:\/\/brasilsat.com.br\/loja\/agro\/produto\/cano-flexivel-d320mm-sae-1045\/","title":{"rendered":"CANO FLEXIVEL D320MM SAE 1045"},"content":{"rendered":"<p>CANO FLEX\u00cdVEL \u00d8320 em chapa SAE 1045<\/p>\n","protected":false},"excerpt":{"rendered":"<p>Cano flexivel fabricada em a\u00e7o SAE 1045 e uni\u00e3o com solda, para evitar infiltra\u00e7\u00f5es. Acabamento: Cinza Mulcell N\u00b0 6,5 Liso<\/p>\n","protected":false},"featured_media":2315,"comment_status":"open","ping_status":"closed","template":"","meta":{"_acf_changed":false,"inline_featured_image":false},"product_brand":[67],"product_cat":[28],"product_tag":[145,144,146],"class_list":{"0":"post-2253","1":"product","2":"type-product","3":"status-publish","4":"has-post-thumbnail","6":"product_brand-bsa","7":"product_cat-canalizacao","8":"product_tag-cano","9":"product_tag-flexivel","10":"product_tag-tubo","12":"first","13":"outofstock","14":"taxable","15":"shipping-taxable","16":"purchasable","17":"product-type-simple"},"acf":[],"_links":{"self":[{"href":"https:\/\/brasilsat.com.br\/loja\/agro\/wp-json\/wp\/v2\/product\/2253","targetHints":{"allow":["GET"]}}],"collection":[{"href":"https:\/\/brasilsat.com.br\/loja\/agro\/wp-json\/wp\/v2\/product"}],"about":[{"href":"https:\/\/brasilsat.com.br\/loja\/agro\/wp-json\/wp\/v2\/types\/product"}],"replies":[{"embeddable":true,"href":"https:\/\/brasilsat.com.br\/loja\/agro\/wp-json\/wp\/v2\/comments?post=2253"}],"wp:featuredmedia":[{"embeddable":true,"href":"https:\/\/brasilsat.com.br\/loja\/agro\/wp-json\/wp\/v2\/media\/2315"}],"wp:attachment":[{"href":"https:\/\/brasilsat.com.br\/loja\/agro\/wp-json\/wp\/v2\/media?parent=2253"}],"wp:term":[{"taxonomy":"product_brand","embeddable":true,"href":"https:\/\/brasilsat.com.br\/loja\/agro\/wp-json\/wp\/v2\/product_brand?post=2253"},{"taxonomy":"product_cat","embeddable":true,"href":"https:\/\/brasilsat.com.br\/loja\/agro\/wp-json\/wp\/v2\/product_cat?post=2253"},{"taxonomy":"product_tag","embeddable":true,"href":"https:\/\/brasilsat.com.br\/loja\/agro\/wp-json\/wp\/v2\/product_tag?post=2253"}],"curies":[{"name":"wp","href":"https:\/\/api.w.org\/{rel}","templated":true}]}}